{"id":83,"date":"2025-11-05T13:21:41","date_gmt":"2025-11-05T11:21:41","guid":{"rendered":"https:\/\/andresass.com\/?page_id=83"},"modified":"2025-12-17T14:50:36","modified_gmt":"2025-12-17T12:50:36","slug":"beratung","status":"publish","type":"page","link":"https:\/\/andresass.com\/de\/beratung\/","title":{"rendered":"beratung"},"content":{"rendered":"\t\t<div data-elementor-type=\"wp-page\" data-elementor-id=\"83\" class=\"elementor elementor-83\" data-elementor-post-type=\"page\">\n\t\t\t\t<div class=\"elementor-element elementor-element-bade657 e-flex e-con-boxed e-con e-parent\" data-id=\"bade657\" data-element_type=\"container\" data-e-type=\"container\">\n\t\t\t\t\t<div class=\"e-con-inner\">\n\t\t\t\t<div class=\"elementor-element elementor-element-fd10adf elementor-widget elementor-widget-heading\" data-id=\"fd10adf\" data-element_type=\"widget\" data-e-type=\"widget\" data-widget_type=\"heading.default\">\n\t\t\t\t\t<h1 class=\"elementor-heading-title elementor-size-default\">Transformation, die ankommt.<\/h1>\t\t\t\t<\/div>\n\t\t\t\t<div class=\"elementor-element elementor-element-c0a30b3 elementor-widget elementor-widget-text-editor\" data-id=\"c0a30b3\" data-element_type=\"widget\" data-e-type=\"widget\" data-widget_type=\"text-editor.default\">\n\t\t\t\t\t\t\t\t\t<p><span style=\"font-weight: 400;\">Strategische Initiativen scheitern nicht an mangelnder Planung, sondern an der Umsetzung.<\/span><\/p><p><span style=\"font-weight: 400;\">In Unternehmen \u2013 insbesondere in regulierten, komplexen Branchen wie der Energiewirtschaft \u2013 braucht erfolgreiche Transformation mehr als PowerPoint-Strategien: Sie erfordert pragmatische L\u00f6sungen, die Ihr Team tats\u00e4chlich umsetzen kann, klare Zielerreichung und einen Partner, der Sie vom Konzept bis zur Realisierung begleitet.<\/span><\/p><p><span style=\"font-weight: 400;\">Erfolgreiche Transformation balanciert drei Dimensionen: Eine <\/span><b>klare Strategie<\/b><span style=\"font-weight: 400;\">, eine <\/span><b>robuste Umsetzung<\/b><span style=\"font-weight: 400;\"> \u2013 Technologie wie Prozesse \u2013 und eine <\/span><b>bef\u00e4higte Organisation<\/b><span style=\"font-weight: 400;\">. Wir unterst\u00fctzen Sie in einem oder mehreren dieser Bereiche \u2013 je nach Ihrer konkreten Herausforderung.<\/span><\/p>\t\t\t\t\t\t\t\t<\/div>\n\t\t\t\t\t<\/div>\n\t\t\t\t<\/div>\n\t\t<div class=\"elementor-element elementor-element-93dd887 e-flex e-con-boxed e-con e-parent\" data-id=\"93dd887\" data-element_type=\"container\" data-e-type=\"container\">\n\t\t\t\t\t<div class=\"e-con-inner\">\n\t\t\t\t<div class=\"elementor-element elementor-element-1026e1b elementor-widget elementor-widget-heading\" data-id=\"1026e1b\" data-element_type=\"widget\" data-e-type=\"widget\" data-widget_type=\"heading.default\">\n\t\t\t\t\t<h2 class=\"elementor-heading-title elementor-size-default\">1. Strategie &amp; Finanzielle Steuerung<\/h2>\t\t\t\t<\/div>\n\t\t\t\t<div class=\"elementor-element elementor-element-078041b elementor-widget elementor-widget-heading\" data-id=\"078041b\" data-element_type=\"widget\" data-e-type=\"widget\" data-widget_type=\"heading.default\">\n\t\t\t\t\t<p class=\"elementor-heading-title elementor-size-default\">Vom Zielbild zur umsetzbaren Roadmap<\/p>\t\t\t\t<\/div>\n\t\t\t\t<div class=\"elementor-element elementor-element-ad13493 elementor-widget elementor-widget-text-editor\" data-id=\"ad13493\" data-element_type=\"widget\" data-e-type=\"widget\" data-widget_type=\"text-editor.default\">\n\t\t\t\t\t\t\t\t\t<p><b>Strategieentwicklung &amp; Finanzplanung<\/b><\/p><ul><li style=\"font-weight: 400;\" aria-level=\"1\"><b>Ihr Ergebnis:<\/b><span style=\"font-weight: 400;\"> Eine Strategie, die nicht in der Schublade landet, sondern von Ihrem Team verstanden und umgesetzt wird. Finanzplanung, die Investitionsentscheidungen erm\u00f6glicht ohne Sie in ein Korsett zu zw\u00e4ngen.<\/span><\/li><li style=\"font-weight: 400;\" aria-level=\"1\"><b>Unser Beitrag:<\/b><span style=\"font-weight: 400;\"> Entwicklung klarer, messbarer Ziele mit realistischen Meilensteinen. Finanzmodelle und Kapitalallokation, die Flexibilit\u00e4t bewahren und fundierte Entscheidungen erm\u00f6glichen.<\/span><\/li><\/ul><div>\u00a0<\/div><p><b>AI-Strategie &amp; Business Value<\/b><\/p><ul><li style=\"font-weight: 400;\" aria-level=\"1\"><b>Ihr Ergebnis:<\/b><span style=\"font-weight: 400;\"> Eine AI-Roadmap mit realistischen Use Cases und nachweisbarem ROI \u2013 vom Pilot bis zur produktiven L\u00f6sung.<\/span><\/li><li style=\"font-weight: 400;\" aria-level=\"1\"><b>Unser Beitrag:<\/b><span style=\"font-weight: 400;\"> Identifikation der Business Cases mit dem h\u00f6chsten Wertbeitrag, realistische ROI-Bewertung und Entwicklung einer Governance-Struktur, die Innovation erm\u00f6glicht, ohne Compliance zu gef\u00e4hrden.<\/span><\/li><\/ul><div>\u00a0<\/div><p><b>Risikomanagement &amp; Resilience<\/b><\/p><ul><li style=\"font-weight: 400;\" aria-level=\"1\"><b>Ihr Ergebnis:<\/b><span style=\"font-weight: 400;\"> Resilienz gegen operative und regulatorische Risiken, speziell in kritischen Infrastrukturen. Compliance ohne L\u00e4hmung.<\/span><\/li><li style=\"font-weight: 400;\" aria-level=\"1\"><b style=\"text-align: var(--text-align); font-family: var( --e-global-typography-197f88c-font-family ), Sans-serif; font-size: var( --e-global-typography-197f88c-font-size );\">Unser Beitrag:<\/b><span style=\"text-align: var(--text-align); font-family: var( --e-global-typography-197f88c-font-family ), Sans-serif; font-size: var( --e-global-typography-197f88c-font-size );\"> Aufbau praktikabler Risikomanagementsysteme, die Ihre Agilit\u00e4t erhalten. Besonders relevant in regulierten Branchen mit komplexen Anforderungen.<\/span><\/li><\/ul>\t\t\t\t\t\t\t\t<\/div>\n\t\t\t\t\t<\/div>\n\t\t\t\t<\/div>\n\t\t<div class=\"elementor-element elementor-element-6c85577 e-flex e-con-boxed e-con e-parent\" data-id=\"6c85577\" data-element_type=\"container\" data-e-type=\"container\">\n\t\t\t\t\t<div class=\"e-con-inner\">\n\t\t\t\t<div class=\"elementor-element elementor-element-58bc80c elementor-widget elementor-widget-heading\" data-id=\"58bc80c\" data-element_type=\"widget\" data-e-type=\"widget\" data-widget_type=\"heading.default\">\n\t\t\t\t\t<h2 class=\"elementor-heading-title elementor-size-default\">2. Digitale &amp; Operative Transformation<\/h2>\t\t\t\t<\/div>\n\t\t\t\t<div class=\"elementor-element elementor-element-eb9d081 elementor-widget elementor-widget-heading\" data-id=\"eb9d081\" data-element_type=\"widget\" data-e-type=\"widget\" data-widget_type=\"heading.default\">\n\t\t\t\t\t<p class=\"elementor-heading-title elementor-size-default\">Technologie und Prozesse, die funktionieren<\/p>\t\t\t\t<\/div>\n\t\t\t\t<div class=\"elementor-element elementor-element-36cefb8 elementor-widget elementor-widget-text-editor\" data-id=\"36cefb8\" data-element_type=\"widget\" data-e-type=\"widget\" data-widget_type=\"text-editor.default\">\n\t\t\t\t\t\t\t\t\t<p><b>Digitalstrategie &amp; Technology Roadmaps<\/b><\/p><ul><li style=\"font-weight: 400;\" aria-level=\"1\"><b>Ihr Ergebnis:<\/b><span style=\"font-weight: 400;\"> Eine umsetzbare Digitalisierungs-Roadmap, die technische Machbarkeit mit Business-Value verbindet. Priorisierung nach echtem Nutzen, nicht nach Hype.<\/span><\/li><li style=\"font-weight: 400;\" aria-level=\"1\"><b>Unser Beitrag:<\/b><span style=\"font-weight: 400;\"> Entwicklung realistischer Roadmaps mit klaren Priorit\u00e4ten. Wir helfen Ihnen, die richtigen Initiativen auszuw\u00e4hlen und die falschen zu vermeiden.<\/span><\/li><\/ul><div>\u00a0<\/div><p><b>AI-Implementierung &amp; Skalierung<\/b><\/p><ul><li style=\"font-weight: 400;\" aria-level=\"1\"><b>Ihr Ergebnis:<\/b><span style=\"font-weight: 400;\"> Funktionsf\u00e4hige AI-L\u00f6sungen, die echten Business-Impact liefern und nicht auf dem &#8222;Pilot-Friedhof&#8220; landen.<\/span><\/li><li style=\"font-weight: 400;\" aria-level=\"1\"><b>Unser Beitrag:<\/b><span style=\"font-weight: 400;\"> Begleitung des gesamten Lebenszyklus \u2013 von der Use-Case-Validierung \u00fcber den Piloten bis zur Skalierung in Ihre Kernprozesse. Mit klaren KPIs und realistischem Change Management.<\/span><\/li><\/ul><div>\u00a0<\/div><p><b>Data Analytics &amp; AI Governance<\/b><\/p><ul><li style=\"font-weight: 400;\" aria-level=\"1\"><b>Ihr Ergebnis:<\/b><span style=\"font-weight: 400;\"> Sie nutzen Daten f\u00fcr fundierte Entscheidungen und AI sicher ohne Innovation zu bremsen. Compliance-Anforderungen (DSGVO, AI Act) sind erf\u00fcllt.<\/span><\/li><li style=\"font-weight: 400;\" aria-level=\"1\"><b>Unser Beitrag:<\/b><span style=\"font-weight: 400;\"> Aufbau nutzbarer Analytics-Systeme und pragmatischer AI-Governance-Strukturen. Balance zwischen Sicherheitsanforderungen und operativer Flexibilit\u00e4t.<\/span><\/li><\/ul><div>\u00a0<\/div><p><b>Operative Exzellenz &amp; Prozessoptimierung<\/b><\/p><ul><li style=\"font-weight: 400;\" aria-level=\"1\"><b>Ihr Ergebnis:<\/b><span style=\"font-weight: 400;\"> Schlankere, schnellere und kosteng\u00fcnstigere Kernprozesse ohne \u00dcberregulierung.<\/span><\/li><li style=\"font-weight: 400;\" aria-level=\"1\"><b>Unser Beitrag:<\/b><span style=\"font-weight: 400;\"> Identifikation und Umsetzung von Effizienzpotenzialen. Einf\u00fchrung standardisierter Abl\u00e4ufe mit Raum f\u00fcr notwendige Flexibilit\u00e4t.<\/span><\/li><\/ul><div>\u00a0<\/div><p><b>Digital Risk Management<\/b><\/p><ul><li style=\"font-weight: 400;\" aria-level=\"1\"><b>Ihr Ergebnis:<\/b><span style=\"font-weight: 400;\"> Schutz gegen digitale Bedrohungen bei voller operativer Handlungsf\u00e4higkeit.<\/span><\/li><li style=\"font-weight: 400;\" aria-level=\"1\"><b style=\"text-align: var(--text-align); font-family: var( --e-global-typography-197f88c-font-family ), Sans-serif; font-size: var( --e-global-typography-197f88c-font-size );\">Unser Beitrag:<\/b><span style=\"text-align: var(--text-align); font-family: var( --e-global-typography-197f88c-font-family ), Sans-serif; font-size: var( --e-global-typography-197f88c-font-size );\"> Entwicklung praktikabler Konzepte f\u00fcr kritische Infrastrukturen und regulierte Branchen. Sicherheit, die erm\u00f6glicht statt verhindert.<\/span><\/li><\/ul>\t\t\t\t\t\t\t\t<\/div>\n\t\t\t\t\t<\/div>\n\t\t\t\t<\/div>\n\t\t<div class=\"elementor-element elementor-element-7bf37bf e-flex e-con-boxed e-con e-parent\" data-id=\"7bf37bf\" data-element_type=\"container\" data-e-type=\"container\">\n\t\t\t\t\t<div class=\"e-con-inner\">\n\t\t\t\t<div class=\"elementor-element elementor-element-2c8fa29 elementor-widget elementor-widget-heading\" data-id=\"2c8fa29\" data-element_type=\"widget\" data-e-type=\"widget\" data-widget_type=\"heading.default\">\n\t\t\t\t\t<h2 class=\"elementor-heading-title elementor-size-default\">3. Organisation &amp; Change Management<\/h2>\t\t\t\t<\/div>\n\t\t\t\t<div class=\"elementor-element elementor-element-1a5c816 elementor-widget elementor-widget-heading\" data-id=\"1a5c816\" data-element_type=\"widget\" data-e-type=\"widget\" data-widget_type=\"heading.default\">\n\t\t\t\t\t<p class=\"elementor-heading-title elementor-size-default\">Menschen bef\u00e4higen, Ver\u00e4nderung verankern<\/p>\t\t\t\t<\/div>\n\t\t\t\t<div class=\"elementor-element elementor-element-9c4e687 elementor-widget elementor-widget-text-editor\" data-id=\"9c4e687\" data-element_type=\"widget\" data-e-type=\"widget\" data-widget_type=\"text-editor.default\">\n\t\t\t\t\t\t\t\t\t<p><b>Change Management &amp; Transformation<\/b><\/p><ul><li style=\"font-weight: 400;\" aria-level=\"1\"><b>Ihr Ergebnis:<\/b><span style=\"font-weight: 400;\"> Erfolgreiche Einf\u00fchrung neuer Strategien und Prozesse mit maximaler Akzeptanz statt stillem Widerstand.<\/span><\/li><li style=\"font-weight: 400;\" aria-level=\"1\"><b>Unser Beitrag:<\/b><span style=\"font-weight: 400;\"> Begleitung vom Konzept bis zur Verankerung. Entwicklung realistischer Change-Roadmaps, Stakeholder-Management und Kommunikation auf allen Hierarchieebenen, die Widerst\u00e4nde in echtes Engagement umwandeln.<\/span><\/li><\/ul><div>\u00a0<\/div><p><b>AI-Change &amp; Kompetenzentwicklung<\/b><\/p><ul><li style=\"font-weight: 400;\" aria-level=\"1\"><b>Ihr Ergebnis:<\/b><span style=\"font-weight: 400;\"> Ihre Teams verstehen und nutzen AI produktiv, anstatt Ver\u00e4nderung zu blockieren.<\/span><\/li><li style=\"font-weight: 400;\" aria-level=\"1\"><b>Unser Beitrag:<\/b><span style=\"font-weight: 400;\"> Systematischer Aufbau AI-relevanter Kompetenzen durch transparente Kommunikation und praxisnahe Qualifizierung. Reduzierung von \u00c4ngsten durch Klarheit und konkrete Anwendungsbeispiele.<\/span><\/li><\/ul><div>\u00a0<\/div><p><b>Leadership Development &amp; Sparring<\/b><\/p><ul><li style=\"font-weight: 400;\" aria-level=\"1\"><b>Ihr Ergebnis:<\/b><span style=\"font-weight: 400;\"> Ein vertraulicher Partner auf Augenh\u00f6he f\u00fcr Ihre schwierigsten strategischen und operativen Entscheidungen.<\/span><\/li><li style=\"font-weight: 400;\" aria-level=\"1\"><b>Unser Beitrag:<\/b><span style=\"font-weight: 400;\"> Pers\u00f6nliches Sparring f\u00fcr C-Level, Bereichs- und Abteilungsleiter. Wir hinterfragen konstruktiv, bringen externe Perspektiven ein und helfen bei der Entscheidungsfindung.<\/span><\/li><\/ul><div>\u00a0<\/div><p><b>Organisationsdesign &amp; Operating Models<\/b><\/p><ul><li style=\"font-weight: 400;\" aria-level=\"1\"><b>Ihr Ergebnis:<\/b><span style=\"font-weight: 400;\"> Schnellere Entscheidungen durch optimierte Strukturen, Rollen und Governance. Mehr Agilit\u00e4t ohne Chaos.<\/span><\/li><li style=\"font-weight: 400;\" aria-level=\"1\"><b style=\"text-align: var(--text-align); font-family: var( --e-global-typography-197f88c-font-family ), Sans-serif; font-size: var( --e-global-typography-197f88c-font-size );\">Unser Beitrag:<\/b><span style=\"text-align: var(--text-align); font-family: var( --e-global-typography-197f88c-font-family ), Sans-serif; font-size: var( --e-global-typography-197f88c-font-size );\"> Anpassung Ihres Operating Models an neue Anforderungen. Klarheit in Verantwortlichkeiten, Standardisierung wo sinnvoll, Flexibilit\u00e4t wo n\u00f6tig.<\/span><\/li><\/ul>\t\t\t\t\t\t\t\t<\/div>\n\t\t\t\t\t<\/div>\n\t\t\t\t<\/div>\n\t\t<div class=\"elementor-element elementor-element-bcb4a70 e-flex e-con-boxed e-con e-parent\" data-id=\"bcb4a70\" data-element_type=\"container\" data-e-type=\"container\">\n\t\t\t\t\t<div class=\"e-con-inner\">\n\t\t\t\t<div class=\"elementor-element elementor-element-47f3ec8 elementor-widget elementor-widget-heading\" data-id=\"47f3ec8\" data-element_type=\"widget\" data-e-type=\"widget\" data-widget_type=\"heading.default\">\n\t\t\t\t\t<h2 class=\"elementor-heading-title elementor-size-default\">Warum Kunden mit uns arbeiten<\/h2>\t\t\t\t<\/div>\n\t\t\t\t<div class=\"elementor-element elementor-element-08fab21 elementor-widget elementor-widget-text-editor\" data-id=\"08fab21\" data-element_type=\"widget\" data-e-type=\"widget\" data-widget_type=\"text-editor.default\">\n\t\t\t\t\t\t\t\t\t<p><span style=\"font-weight: 400;\">Wir arbeiten nicht mit Standard-Playbooks und wechselnden Junior-Teams. Wir sind Ihr pragmatischer Umsetzungspartner mit klarem Fokus:<\/span><\/p>\n<p><b>Inhabergef\u00fchrt<\/b><span style=\"font-weight: 400;\"> Sie arbeiten direkt mit dem Entscheider und Verantwortlichen. Keine wechselnden Ansprechpartner, keine Eskalationsketten. Pers\u00f6nliche Verbindlichkeit vom ersten bis zum letzten Tag.<\/span><\/p>\n<p><b>Fokus Energiewirtschaft<\/b><span style=\"font-weight: 400;\"> Wir verstehen die Komplexit\u00e4t regulierter Branchen und kritischer Infrastrukturen. Sie m\u00fcssen uns nicht erst Ihre Branche erkl\u00e4ren \u2013 wir kennen Ihre spezifischen Herausforderungen.<\/span><\/p>\n<p><b>Wissenstransfer statt Abh\u00e4ngigkeit<\/b><span style=\"font-weight: 400;\"> Unser Ziel ist es, uns selbst \u00fcberfl\u00fcssig zu machen. Wir bef\u00e4higen Ihre Teams, L\u00f6sungen selbstst\u00e4ndig weiterzuf\u00fchren. Enge Zusammenarbeit mit Ihren Mitarbeitern, keine Black Box.<\/span><\/p>\n<p><b>Zero Cross-Selling<\/b><span style=\"font-weight: 400;\"> Als Boutique-Beratung haben wir keine versteckten Verkaufsagenden. Ihr Projekterfolg ist unsere einzige Metrik. Wir empfehlen nur, was Sie wirklich brauchen.<\/span><\/p>\n<p><b>Umsetzung, nicht nur Folien<\/b><span style=\"font-weight: 400;\"> Wir liefern Konzepte, die Ihr Team umsetzen kann. Klare Ziele, messbare Meilensteine, transparente Kommunikation. Und wenn n\u00f6tig, packen wir als (Interim-)Projektleiter selbst mit an.<\/span><\/p>\t\t\t\t\t\t\t\t<\/div>\n\t\t\t\t\t<\/div>\n\t\t\t\t<\/div>\n\t\t<div class=\"elementor-element elementor-element-e0c66ce e-flex e-con-boxed e-con e-parent\" data-id=\"e0c66ce\" data-element_type=\"container\" data-e-type=\"container\" data-settings=\"{&quot;background_background&quot;:&quot;classic&quot;}\">\n\t\t\t\t\t<div class=\"e-con-inner\">\n\t\t\t\t<div class=\"elementor-element elementor-element-93496bd elementor-widget elementor-widget-heading\" data-id=\"93496bd\" data-element_type=\"widget\" data-e-type=\"widget\" data-widget_type=\"heading.default\">\n\t\t\t\t\t<h2 class=\"elementor-heading-title elementor-size-default\">Ihr n\u00e4chster Schritt<\/h2>\t\t\t\t<\/div>\n\t\t\t\t<div class=\"elementor-element elementor-element-16638b4 elementor-widget elementor-widget-text-editor\" data-id=\"16638b4\" data-element_type=\"widget\" data-e-type=\"widget\" data-widget_type=\"text-editor.default\">\n\t\t\t\t\t\t\t\t\t<p><span style=\"font-weight: 400;\">Sie stehen vor einer komplexen Transformation und suchen einen Partner, der nicht nur plant, sondern mit anpackt?<\/span><\/p><p><span style=\"font-weight: 400;\">Lassen Sie uns in einem unverbindlichen Erstgespr\u00e4ch kl\u00e4ren, ob wir der richtige Partner f\u00fcr Ihre spezifische Herausforderung sind.<\/span><\/p>\t\t\t\t\t\t\t\t<\/div>\n\t\t\t\t<div class=\"elementor-element elementor-element-d4b21e5 elementor-align-center elementor-widget elementor-widget-button\" data-id=\"d4b21e5\" data-element_type=\"widget\" data-e-type=\"widget\" data-widget_type=\"button.default\">\n\t\t\t\t\t\t\t\t\t\t<a class=\"elementor-button elementor-button-link elementor-size-sm\" href=\"https:\/\/andresass.com\/de\/kontakt\/\">\n\t\t\t\t\t\t<span class=\"elementor-button-content-wrapper\">\n\t\t\t\t\t\t\t\t\t<span class=\"elementor-button-text\">Erstgespr\u00e4ch anfragen<\/span>\n\t\t\t\t\t<\/span>\n\t\t\t\t\t<\/a>\n\t\t\t\t\t\t\t\t<\/div>\n\t\t\t\t\t<\/div>\n\t\t\t\t<\/div>\n\t\t\t\t<\/div>\n\t\t","protected":false},"excerpt":{"rendered":"<p>Transformation, die ankommt. Strategische Initiativen scheitern nicht an mangelnder Planung, sondern an der Umsetzung. In Unternehmen \u2013 insbesondere in regulierten, komplexen Branchen wie der Energiewirtschaft \u2013 braucht erfolgreiche Transformation mehr als PowerPoint-Strategien: Sie erfordert pragmatische L\u00f6sungen, die Ihr Team tats\u00e4chlich umsetzen kann, klare Zielerreichung und einen Partner, der Sie vom Konzept bis zur Realisierung begleitet. [&hellip;]<\/p>\n","protected":false},"author":1,"featured_media":0,"parent":0,"menu_order":0,"comment_status":"closed","ping_status":"closed","template":"elementor_header_footer","meta":{"footnotes":""},"class_list":["post-83","page","type-page","status-publish","hentry"],"_links":{"self":[{"href":"https:\/\/andresass.com\/de\/wp-json\/wp\/v2\/pages\/83","targetHints":{"allow":["GET"]}}],"collection":[{"href":"https:\/\/andresass.com\/de\/wp-json\/wp\/v2\/pages"}],"about":[{"href":"https:\/\/andresass.com\/de\/wp-json\/wp\/v2\/types\/page"}],"author":[{"embeddable":true,"href":"https:\/\/andresass.com\/de\/wp-json\/wp\/v2\/users\/1"}],"replies":[{"embeddable":true,"href":"https:\/\/andresass.com\/de\/wp-json\/wp\/v2\/comments?post=83"}],"version-history":[{"count":43,"href":"https:\/\/andresass.com\/de\/wp-json\/wp\/v2\/pages\/83\/revisions"}],"predecessor-version":[{"id":1242,"href":"https:\/\/andresass.com\/de\/wp-json\/wp\/v2\/pages\/83\/revisions\/1242"}],"wp:attachment":[{"href":"https:\/\/andresass.com\/de\/wp-json\/wp\/v2\/media?parent=83"}],"curies":[{"name":"wp","href":"https:\/\/api.w.org\/{rel}","templated":true}]}}