{"id":78,"date":"2025-11-13T12:34:21","date_gmt":"2025-11-13T10:34:21","guid":{"rendered":"https:\/\/andresass.com\/?page_id=78"},"modified":"2025-12-17T14:57:17","modified_gmt":"2025-12-17T12:57:17","slug":"profil","status":"publish","type":"page","link":"https:\/\/andresass.com\/de\/profil\/","title":{"rendered":"profil"},"content":{"rendered":"\t\t<div data-elementor-type=\"wp-page\" data-elementor-id=\"78\" class=\"elementor elementor-78\" data-elementor-post-type=\"page\">\n\t\t\t\t<div class=\"elementor-element elementor-element-8b93ce2 e-flex e-con-boxed e-con e-parent\" data-id=\"8b93ce2\" data-element_type=\"container\" data-e-type=\"container\">\n\t\t\t\t\t<div class=\"e-con-inner\">\n\t\t\t\t<div class=\"elementor-element elementor-element-5c3ebb3 elementor-widget elementor-widget-heading\" data-id=\"5c3ebb3\" data-element_type=\"widget\" data-e-type=\"widget\" data-widget_type=\"heading.default\">\n\t\t\t\t\t<h1 class=\"elementor-heading-title elementor-size-default\">Pragmatismus trifft Strategie.<\/h1>\t\t\t\t<\/div>\n\t\t\t\t<div class=\"elementor-element elementor-element-bb1f074 elementor-widget elementor-widget-heading\" data-id=\"bb1f074\" data-element_type=\"widget\" data-e-type=\"widget\" data-widget_type=\"heading.default\">\n\t\t\t\t\t<h2 class=\"elementor-heading-title elementor-size-default\">Andr\u00e9 Sass |  Ihr pers\u00f6nlicher Sparringspartner<\/h2>\t\t\t\t<\/div>\n\t\t\t\t<div class=\"elementor-element elementor-element-8b85a3e elementor-widget elementor-widget-text-editor\" data-id=\"8b85a3e\" data-element_type=\"widget\" data-e-type=\"widget\" data-widget_type=\"text-editor.default\">\n\t\t\t\t\t\t\t\t\t<p><span style=\"font-weight: 400;\">&#8222;Mein Anspruch ist, Konzepte zu entwickeln, die nicht in Schubladen verschwinden, sondern in Ihrer Organisation Wirkung zeigen. Als F\u00fchrungskraft ben\u00f6tigen Sie keinen Berater, der Ihnen Standardfolien pr\u00e4sentiert, sondern einen Partner, der Ihre Realit\u00e4t versteht, pragmatische L\u00f6sungen entwickelt und Sie bei der Umsetzung pers\u00f6nlich begleitet.<\/span><\/p><p><span style=\"font-weight: 400;\">Genau das ist meine Rolle: Ich bin Ihr Sparringspartner, Impulsgeber und, wenn n\u00f6tig, Ihr interimistischer Projektleiter, der Verantwortung \u00fcbernimmt, bis das Ziel erreicht ist.&#8220;<\/span><\/p>\t\t\t\t\t\t\t\t<\/div>\n\t\t\t\t\t<\/div>\n\t\t\t\t<\/div>\n\t\t<div class=\"elementor-element elementor-element-a9a734c e-flex e-con-boxed e-con e-parent\" data-id=\"a9a734c\" data-element_type=\"container\" data-e-type=\"container\">\n\t\t\t\t\t<div class=\"e-con-inner\">\n\t\t\t\t<div class=\"elementor-element elementor-element-8298da0 elementor-widget elementor-widget-heading\" data-id=\"8298da0\" data-element_type=\"widget\" data-e-type=\"widget\" data-widget_type=\"heading.default\">\n\t\t\t\t\t<h2 class=\"elementor-heading-title elementor-size-default\">Mein Versprechen: Pragmatismus &amp; Voller Fokus<\/h2>\t\t\t\t<\/div>\n\t\t\t\t<div class=\"elementor-element elementor-element-aa51b21 elementor-widget elementor-widget-text-editor\" data-id=\"aa51b21\" data-element_type=\"widget\" data-e-type=\"widget\" data-widget_type=\"text-editor.default\">\n\t\t\t\t\t\t\t\t\t<p><span style=\"font-weight: 400;\">Mein pragmatischer Ansatz basiert auf vier klaren Versprechen, die ich pers\u00f6nlich einl\u00f6se:<\/span><\/p><p><b>Pers\u00f6nliche Verantwortung statt Junior-Teams<\/b><b><br \/><\/b><span style=\"font-weight: 400;\"> Wenn Sie mich buchen, bekommen Sie mich. Ich bin Ihr zentraler Ansprechpartner und trage die Projektverantwortung vom ersten Workshop bis zum finalen Go-Live. Das bedeutet f\u00fcr Sie: Direkte Kommunikation, keine Eskalationsketten und die pers\u00f6nliche Verbindlichkeit eines Inhabers.<\/span><\/p><p><b>Umsetzung, nicht nur Folien<\/b><b><br \/><\/b><span style=\"font-weight: 400;\"> Die beste Analyse ist wertlos, wenn sie nicht umsetzbar ist. Ich liefere nicht nur das strategische Konzept, sondern begleite Sie und Ihre Teams aktiv bei der Implementierung. Ich helfe, Widerst\u00e4nde zu \u00fcberwinden, Prozesse anzupassen und sicherzustellen, dass die Transformation nachhaltig in Ihrer Organisation verankert wird.<\/span><\/p><p><b>Nachhaltige Bef\u00e4higung statt Abh\u00e4ngigkeit<\/b><b><br \/><\/b><span style=\"font-weight: 400;\"> Mein Ziel ist es, mich selbst \u00fcberfl\u00fcssig zu machen. Erfolgreiche Beratung bedeutet f\u00fcr mich Wissenstransfer. Ich arbeite eng mit Ihren Mitarbeitern zusammen, baue Kompetenzen auf und stelle sicher, dass Ihre Teams die neuen Prozesse und Systeme nach Projektende selbstst\u00e4ndig steuern und weiterentwickeln k\u00f6nnen.<\/span><\/p><p><b>Echte Partnerschaft statt Cross-Selling<\/b><b><br \/><\/b><span style=\"font-weight: 400;\"> Als unabh\u00e4ngige Boutique-Beratung ist Ihr Projekterfolg meine einzige Metrik. Ich habe keine versteckten Verkaufsagenden oder den Druck, Lizenzen oder Folgeprojekte anderer Abteilungen zu verkaufen. Sie erhalten eine ehrliche, unvoreingenommene Einsch\u00e4tzung und ausschlie\u00dflich die L\u00f6sung, die Sie wirklich brauchen.<\/span><\/p>\t\t\t\t\t\t\t\t<\/div>\n\t\t\t\t\t<\/div>\n\t\t\t\t<\/div>\n\t\t<div class=\"elementor-element elementor-element-aaaf269 e-flex e-con-boxed e-con e-parent\" data-id=\"aaaf269\" data-element_type=\"container\" data-e-type=\"container\">\n\t\t\t\t\t<div class=\"e-con-inner\">\n\t\t\t\t<div class=\"elementor-element elementor-element-687e1ff elementor-widget elementor-widget-heading\" data-id=\"687e1ff\" data-element_type=\"widget\" data-e-type=\"widget\" data-widget_type=\"heading.default\">\n\t\t\t\t\t<h2 class=\"elementor-heading-title elementor-size-default\">Warum ich berate<\/h2>\t\t\t\t<\/div>\n\t\t\t\t<div class=\"elementor-element elementor-element-b61a49d elementor-widget elementor-widget-text-editor\" data-id=\"b61a49d\" data-element_type=\"widget\" data-e-type=\"widget\" data-widget_type=\"text-editor.default\">\n\t\t\t\t\t\t\t\t\t<p><span style=\"font-weight: 400;\">Nach Jahren in einer international f\u00fchrenden Managementberatung habe ich die systemischen Grenzen gro\u00dfer Beratungsh\u00e4user aus erster Hand erlebt: Brilliante Analysen, aber getrieben von Cross-Selling-Zielen. Wechselnde Teams, aber keine nachhaltige Verankerung. Standardisierte Playbooks, aber selten die ehrliche Antwort auf die Frage: &#8222;Was brauchen Sie wirklich?&#8220;<\/span><\/p>\n<p><span style=\"font-weight: 400;\">2008 habe ich mich bewusst f\u00fcr einen anderen Weg entschieden: V\u00f6llige Unabh\u00e4ngigkeit. Keine Konzernzw\u00e4nge. Kein Druck, Teams verkaufen zu m\u00fcssen. Nur ein Ziel \u2013 Ihren Projekterfolg.<\/span><\/p>\n<p><span style=\"font-weight: 400;\">Diese Unabh\u00e4ngigkeit erm\u00f6glicht mir, Ihnen genau das zu sagen, was Sie h\u00f6ren m\u00fcssen, nicht das, was ich verkaufen muss. Ich biete nur an, was f\u00fcr Sie Sinn macht \u2013 nicht f\u00fcr meine Umsatzziele.<\/span><\/p>\t\t\t\t\t\t\t\t<\/div>\n\t\t\t\t\t<\/div>\n\t\t\t\t<\/div>\n\t\t<div class=\"elementor-element elementor-element-155eef9 e-flex e-con-boxed e-con e-parent\" data-id=\"155eef9\" data-element_type=\"container\" data-e-type=\"container\">\n\t\t\t\t\t<div class=\"e-con-inner\">\n\t\t\t\t<div class=\"elementor-element elementor-element-f7df99c elementor-widget elementor-widget-heading\" data-id=\"f7df99c\" data-element_type=\"widget\" data-e-type=\"widget\" data-widget_type=\"heading.default\">\n\t\t\t\t\t<h2 class=\"elementor-heading-title elementor-size-default\">Fundament &amp; Werdegang<\/h2>\t\t\t\t<\/div>\n\t\t\t\t<div class=\"elementor-element elementor-element-97c205f elementor-widget elementor-widget-text-editor\" data-id=\"97c205f\" data-element_type=\"widget\" data-e-type=\"widget\" data-widget_type=\"text-editor.default\">\n\t\t\t\t\t\t\t\t\t<p><span style=\"font-weight: 400;\">Meine Expertise basiert auf \u00fcber 25 Jahren praktischer Erfahrung an der Schnittstelle von Strategie, Technologie und Finanzen, insbesondere in komplexen, regulierten Branchen.<\/span><\/p><p><span style=\"font-weight: 400;\">Vor der Gr\u00fcndung meiner Beratung 2008 war ich mehrere Jahre in einer international f\u00fchrenden Managementberatung t\u00e4tig. Dort habe ich komplexe Transformationsprogramme, Kosteneffizienz und Digitalisierungs-Thematiken sowie strategische Neuausrichtungen f\u00fcr Konzerne und Mittelst\u00e4ndler konzipiert und begleitet. Diese Erfahrung verbinde ich heute mit der Agilit\u00e4t, Unabh\u00e4ngigkeit und dem Pragmatismus einer Boutique-Beratung.<\/span><\/p><p><b>Kernkompetenzen:<\/b><\/p><ul><li style=\"font-weight: 400;\" aria-level=\"1\"><span style=\"font-weight: 400;\">Strategische Transformation &amp; Wertsch\u00f6pfung<\/span><\/li><li style=\"font-weight: 400;\" aria-level=\"1\"><span style=\"font-weight: 400;\">AI-Strategie &amp; Governance<\/span><\/li><li style=\"font-weight: 400;\" aria-level=\"1\"><span style=\"font-weight: 400;\">Change Management &amp; Organisationsdesign<\/span><\/li><li style=\"font-weight: 400;\" aria-level=\"1\"><span style=\"font-weight: 400;\">Operative Exzellenz &amp; Prozessoptimierung<\/span><\/li><li style=\"font-weight: 400;\" aria-level=\"1\"><span style=\"font-weight: 400;\">Finanzielle Steuerung &amp; ROI-Assessment<\/span><\/li><\/ul><div>\u00a0<\/div><p><b>Branchenfokus:<\/b><\/p><ul><li style=\"font-weight: 400;\" aria-level=\"1\"><span style=\"font-weight: 400;\">Energy &amp; Utilities (Kritische Infrastrukturen)<\/span><\/li><li style=\"font-weight: 400;\" aria-level=\"1\"><span style=\"font-weight: 400;\">Regulierte Industrien<\/span><\/li><li style=\"font-weight: 400;\" aria-level=\"1\"><span style=\"font-weight: 400;\">Technologie &amp; Dienstleistungen<\/span><\/li><\/ul><div>\u00a0<\/div><p><b>Ausbildung:<\/b><\/p><ul><li style=\"font-weight: 400;\" aria-level=\"1\"><span style=\"font-weight: 400;\">Diplom-Betriebswirt (Industriebetriebslehre, Wirtschaftsinformatik, Operations Research)<\/span><\/li><li style=\"font-weight: 400;\" aria-level=\"1\"><span style=\"font-weight: 400;\">Fachinformatiker<\/span><\/li><\/ul><div>\u00a0<\/div><p><span style=\"font-weight: 400;\">Diese Kombination aus technischem Verst\u00e4ndnis und betriebswirtschaftlicher Expertise erm\u00f6glicht mir, die Br\u00fccke zwischen IT, Operations und Management zu schlagen \u2013 eine entscheidende F\u00e4higkeit bei digitalen Transformationen.<\/span><\/p>\t\t\t\t\t\t\t\t<\/div>\n\t\t\t\t\t<\/div>\n\t\t\t\t<\/div>\n\t\t<div class=\"elementor-element elementor-element-7f9948c e-flex e-con-boxed e-con e-parent\" data-id=\"7f9948c\" data-element_type=\"container\" data-e-type=\"container\">\n\t\t\t\t\t<div class=\"e-con-inner\">\n\t\t\t\t<div class=\"elementor-element elementor-element-6ed694d elementor-widget elementor-widget-heading\" data-id=\"6ed694d\" data-element_type=\"widget\" data-e-type=\"widget\" data-widget_type=\"heading.default\">\n\t\t\t\t\t<h2 class=\"elementor-heading-title elementor-size-default\">Diskretion als Prinzip<\/h2>\t\t\t\t<\/div>\n\t\t\t\t<div class=\"elementor-element elementor-element-ec9f908 elementor-widget elementor-widget-text-editor\" data-id=\"ec9f908\" data-element_type=\"widget\" data-e-type=\"widget\" data-widget_type=\"text-editor.default\">\n\t\t\t\t\t\t\t\t\t<p>Viele meiner Kunden sch\u00e4tzen die Vertraulichkeit unserer Zusammenarbeit und bleiben bewusst anonym. Sie nutzen mich als externen Sparringspartner auf Executive-Level, der strategische wie konzeptionelle Herausforderungen pragmatisch und mit absoluter Diskretion l\u00f6st \u2013 ohne \u00f6ffentliche Aufmerksamkeit zu erzeugen.<\/p><p><span style=\"font-weight: 400;\">Diese Diskretion ist Teil meines Selbstverst\u00e4ndnisses. Erfolgreiche Transformation braucht Vertrauen, nicht PR.<\/span><\/p>\t\t\t\t\t\t\t\t<\/div>\n\t\t\t\t\t<\/div>\n\t\t\t\t<\/div>\n\t\t<div class=\"elementor-element elementor-element-50aa073 e-flex e-con-boxed e-con e-parent\" data-id=\"50aa073\" data-element_type=\"container\" data-e-type=\"container\" data-settings=\"{&quot;background_background&quot;:&quot;classic&quot;}\">\n\t\t\t\t\t<div class=\"e-con-inner\">\n\t\t\t\t<div class=\"elementor-element elementor-element-a254a1b elementor-widget elementor-widget-heading\" data-id=\"a254a1b\" data-element_type=\"widget\" data-e-type=\"widget\" data-widget_type=\"heading.default\">\n\t\t\t\t\t<h2 class=\"elementor-heading-title elementor-size-default\">Lassen Sie uns sprechen<\/h2>\t\t\t\t<\/div>\n\t\t\t\t<div class=\"elementor-element elementor-element-8387525 elementor-widget elementor-widget-text-editor\" data-id=\"8387525\" data-element_type=\"widget\" data-e-type=\"widget\" data-widget_type=\"text-editor.default\">\n\t\t\t\t\t\t\t\t\t<p><span style=\"font-weight: 400;\">Sie suchen einen Sparringspartner auf Augenh\u00f6he, der Ihre Herausforderung versteht und Sie pragmatisch bei der Umsetzung unterst\u00fctzt?<\/span><\/p><p><span style=\"font-weight: 400;\">Ich lade Sie zu einem unverbindlichen Erstgespr\u00e4ch ein, um zu kl\u00e4ren, ob meine Expertise zu Ihren Zielen passt.<\/span><i><\/i><\/p>\t\t\t\t\t\t\t\t<\/div>\n\t\t\t\t<div class=\"elementor-element elementor-element-3992f3c elementor-align-center elementor-widget elementor-widget-button\" data-id=\"3992f3c\" data-element_type=\"widget\" data-e-type=\"widget\" data-widget_type=\"button.default\">\n\t\t\t\t\t\t\t\t\t\t<a class=\"elementor-button elementor-button-link elementor-size-sm\" href=\"https:\/\/andresass.com\/de\/kontakt\/\">\n\t\t\t\t\t\t<span class=\"elementor-button-content-wrapper\">\n\t\t\t\t\t\t\t\t\t<span class=\"elementor-button-text\">Erstgespr\u00e4ch anfragen<\/span>\n\t\t\t\t\t<\/span>\n\t\t\t\t\t<\/a>\n\t\t\t\t\t\t\t\t<\/div>\n\t\t\t\t\t<\/div>\n\t\t\t\t<\/div>\n\t\t\t\t<\/div>\n\t\t","protected":false},"excerpt":{"rendered":"<p>Pragmatismus trifft Strategie. Andr\u00e9 Sass | Ihr pers\u00f6nlicher Sparringspartner &#8222;Mein Anspruch ist, Konzepte zu entwickeln, die nicht in Schubladen verschwinden, sondern in Ihrer Organisation Wirkung zeigen. Als F\u00fchrungskraft ben\u00f6tigen Sie keinen Berater, der Ihnen Standardfolien pr\u00e4sentiert, sondern einen Partner, der Ihre Realit\u00e4t versteht, pragmatische L\u00f6sungen entwickelt und Sie bei der Umsetzung pers\u00f6nlich begleitet. Genau das [&hellip;]<\/p>\n","protected":false},"author":1,"featured_media":0,"parent":0,"menu_order":0,"comment_status":"closed","ping_status":"closed","template":"elementor_header_footer","meta":{"footnotes":""},"class_list":["post-78","page","type-page","status-publish","hentry"],"_links":{"self":[{"href":"https:\/\/andresass.com\/de\/wp-json\/wp\/v2\/pages\/78","targetHints":{"allow":["GET"]}}],"collection":[{"href":"https:\/\/andresass.com\/de\/wp-json\/wp\/v2\/pages"}],"about":[{"href":"https:\/\/andresass.com\/de\/wp-json\/wp\/v2\/types\/page"}],"author":[{"embeddable":true,"href":"https:\/\/andresass.com\/de\/wp-json\/wp\/v2\/users\/1"}],"replies":[{"embeddable":true,"href":"https:\/\/andresass.com\/de\/wp-json\/wp\/v2\/comments?post=78"}],"version-history":[{"count":46,"href":"https:\/\/andresass.com\/de\/wp-json\/wp\/v2\/pages\/78\/revisions"}],"predecessor-version":[{"id":1245,"href":"https:\/\/andresass.com\/de\/wp-json\/wp\/v2\/pages\/78\/revisions\/1245"}],"wp:attachment":[{"href":"https:\/\/andresass.com\/de\/wp-json\/wp\/v2\/media?parent=78"}],"curies":[{"name":"wp","href":"https:\/\/api.w.org\/{rel}","templated":true}]}}