{"id":34,"date":"2025-10-23T14:29:00","date_gmt":"2025-10-23T12:29:00","guid":{"rendered":"https:\/\/andresass.com\/bezahlmoeglichkeiten\/"},"modified":"2025-12-10T10:52:22","modified_gmt":"2025-12-10T08:52:22","slug":"bezahlmoeglichkeiten","status":"publish","type":"page","link":"https:\/\/andresass.com\/de\/bezahlmoeglichkeiten\/","title":{"rendered":"Zahlungsarten"},"content":{"rendered":"\t\t<div data-elementor-type=\"wp-page\" data-elementor-id=\"34\" class=\"elementor elementor-34\" data-elementor-post-type=\"page\">\n\t\t\t\t<div class=\"elementor-element elementor-element-9332e10 e-flex e-con-boxed e-con e-parent\" data-id=\"9332e10\" data-element_type=\"container\" data-e-type=\"container\">\n\t\t\t\t\t<div class=\"e-con-inner\">\n\t\t\t\t<div class=\"elementor-element elementor-element-e77dafa elementor-widget elementor-widget-heading\" data-id=\"e77dafa\" data-element_type=\"widget\" data-e-type=\"widget\" data-widget_type=\"heading.default\">\n\t\t\t\t\t<h1 class=\"elementor-heading-title elementor-size-default\">Sichere &amp; Transparente Zahlung<\/h1>\t\t\t\t<\/div>\n\t\t\t\t<div class=\"elementor-element elementor-element-c526e75 elementor-widget elementor-widget-text-editor\" data-id=\"c526e75\" data-element_type=\"widget\" data-e-type=\"widget\" data-widget_type=\"text-editor.default\">\n\t\t\t\t\t\t\t\t\t<p>Hier finden Sie eine \u00dcbersicht der von uns akzeptierten Zahlungsarten. Wir unterscheiden zwischen unseren standardisierten digitalen L\u00f6sungen und unserer individuellen Beratung.<\/p>\t\t\t\t\t\t\t\t<\/div>\n\t\t\t\t<div class=\"elementor-element elementor-element-65623aa elementor-widget elementor-widget-heading\" data-id=\"65623aa\" data-element_type=\"widget\" data-e-type=\"widget\" data-widget_type=\"heading.default\">\n\t\t\t\t\t<h2 class=\"elementor-heading-title elementor-size-default\">F\u00fcr standardisierte L\u00f6sungen (Frameworks, Module &amp; Studien)<\/h2>\t\t\t\t<\/div>\n\t\t\t\t<div class=\"elementor-element elementor-element-466a7bc elementor-widget elementor-widget-text-editor\" data-id=\"466a7bc\" data-element_type=\"widget\" data-e-type=\"widget\" data-widget_type=\"text-editor.default\">\n\t\t\t\t\t\t\t\t\t<p>F\u00fcr den Kauf unserer digitalen Produkte (Frameworks, Studien) und unserer standardisierten Service-Pakete (Excellence-Module) nutzen wir den weltweit f\u00fchrenden und sichersten Zahlungsanbieter Stripe. Ihre Daten werden zu keinem Zeitpunkt auf unseren Servern gespeichert.<\/p>\t\t\t\t\t\t\t\t<\/div>\n\t\t\t\t<div class=\"elementor-element elementor-element-7dcc9c0 elementor-icon-list--layout-traditional elementor-list-item-link-full_width elementor-widget elementor-widget-icon-list\" data-id=\"7dcc9c0\" data-element_type=\"widget\" data-e-type=\"widget\" data-widget_type=\"icon-list.default\">\n\t\t\t\t\t\t\t<ul class=\"elementor-icon-list-items\">\n\t\t\t\t\t\t\t<li class=\"elementor-icon-list-item\">\n\t\t\t\t\t\t\t\t\t\t\t<span class=\"elementor-icon-list-icon\">\n\t\t\t\t\t\t\t<svg aria-hidden=\"true\" class=\"e-font-icon-svg e-far-credit-card\" viewBox=\"0 0 576 512\" xmlns=\"http:\/\/www.w3.org\/2000\/svg\"><path d=\"M527.9 32H48.1C21.5 32 0 53.5 0 80v352c0 26.5 21.5 48 48.1 48h479.8c26.6 0 48.1-21.5 48.1-48V80c0-26.5-21.5-48-48.1-48zM54.1 80h467.8c3.3 0 6 2.7 6 6v42H48.1V86c0-3.3 2.7-6 6-6zm467.8 352H54.1c-3.3 0-6-2.7-6-6V256h479.8v170c0 3.3-2.7 6-6 6zM192 332v40c0 6.6-5.4 12-12 12h-72c-6.6 0-12-5.4-12-12v-40c0-6.6 5.4-12 12-12h72c6.6 0 12 5.4 12 12zm192 0v40c0 6.6-5.4 12-12 12H236c-6.6 0-12-5.4-12-12v-40c0-6.6 5.4-12 12-12h136c6.6 0 12 5.4 12 12z\"><\/path><\/svg>\t\t\t\t\t\t<\/span>\n\t\t\t\t\t\t\t\t\t\t<span class=\"elementor-icon-list-text\">Kreditkarte (Visa, Mastercard, Amex)<\/span>\n\t\t\t\t\t\t\t\t\t<\/li>\n\t\t\t\t\t\t\t\t<li class=\"elementor-icon-list-item\">\n\t\t\t\t\t\t\t\t\t\t\t<span class=\"elementor-icon-list-icon\">\n\t\t\t\t\t\t\t<svg aria-hidden=\"true\" class=\"e-font-icon-svg e-fab-apple-pay\" viewBox=\"0 0 640 512\" xmlns=\"http:\/\/www.w3.org\/2000\/svg\"><path d=\"M116.9 158.5c-7.5 8.9-19.5 15.9-31.5 14.9-1.5-12 4.4-24.8 11.3-32.6 7.5-9.1 20.6-15.6 31.3-16.1 1.2 12.4-3.7 24.7-11.1 33.8m10.9 17.2c-17.4-1-32.3 9.9-40.5 9.9-8.4 0-21-9.4-34.8-9.1-17.9.3-34.5 10.4-43.6 26.5-18.8 32.3-4.9 80 13.3 106.3 8.9 13 19.5 27.3 33.5 26.8 13.3-.5 18.5-8.6 34.5-8.6 16.1 0 20.8 8.6 34.8 8.4 14.5-.3 23.6-13 32.5-26 10.1-14.8 14.3-29.1 14.5-29.9-.3-.3-28-10.9-28.3-42.9-.3-26.8 21.9-39.5 22.9-40.3-12.5-18.6-32-20.6-38.8-21.1m100.4-36.2v194.9h30.3v-66.6h41.9c38.3 0 65.1-26.3 65.1-64.3s-26.4-64-64.1-64h-73.2zm30.3 25.5h34.9c26.3 0 41.3 14 41.3 38.6s-15 38.8-41.4 38.8h-34.8V165zm162.2 170.9c19 0 36.6-9.6 44.6-24.9h.6v23.4h28v-97c0-28.1-22.5-46.3-57.1-46.3-32.1 0-55.9 18.4-56.8 43.6h27.3c2.3-12 13.4-19.9 28.6-19.9 18.5 0 28.9 8.6 28.9 24.5v10.8l-37.8 2.3c-35.1 2.1-54.1 16.5-54.1 41.5.1 25.2 19.7 42 47.8 42zm8.2-23.1c-16.1 0-26.4-7.8-26.4-19.6 0-12.3 9.9-19.4 28.8-20.5l33.6-2.1v11c0 18.2-15.5 31.2-36 31.2zm102.5 74.6c29.5 0 43.4-11.3 55.5-45.4L640 193h-30.8l-35.6 115.1h-.6L537.4 193h-31.6L557 334.9l-2.8 8.6c-4.6 14.6-12.1 20.3-25.5 20.3-2.4 0-7-.3-8.9-.5v23.4c1.8.4 9.3.7 11.6.7z\"><\/path><\/svg>\t\t\t\t\t\t<\/span>\n\t\t\t\t\t\t\t\t\t\t<span class=\"elementor-icon-list-text\">Apple Pay<\/span>\n\t\t\t\t\t\t\t\t\t<\/li>\n\t\t\t\t\t\t\t\t<li class=\"elementor-icon-list-item\">\n\t\t\t\t\t\t\t\t\t\t\t<span class=\"elementor-icon-list-icon\">\n\t\t\t\t\t\t\t<svg aria-hidden=\"true\" class=\"e-font-icon-svg e-fab-google-pay\" viewBox=\"0 0 640 512\" xmlns=\"http:\/\/www.w3.org\/2000\/svg\"><path d=\"M105.72,215v41.25h57.1a49.66,49.66,0,0,1-21.14,32.6c-9.54,6.55-21.72,10.28-36,10.28-27.6,0-50.93-18.91-59.3-44.22a65.61,65.61,0,0,1,0-41l0,0c8.37-25.46,31.7-44.37,59.3-44.37a56.43,56.43,0,0,1,40.51,16.08L176.47,155a101.24,101.24,0,0,0-70.75-27.84,105.55,105.55,0,0,0-94.38,59.11,107.64,107.64,0,0,0,0,96.18v.15a105.41,105.41,0,0,0,94.38,59c28.47,0,52.55-9.53,70-25.91,20-18.61,31.41-46.15,31.41-78.91A133.76,133.76,0,0,0,205.38,215Zm389.41-4c-10.13-9.38-23.93-14.14-41.39-14.14-22.46,0-39.34,8.34-50.5,24.86l20.85,13.26q11.45-17,31.26-17a34.05,34.05,0,0,1,22.75,8.79A28.14,28.14,0,0,1,487.79,248v5.51c-9.1-5.07-20.55-7.75-34.64-7.75-16.44,0-29.65,3.88-39.49,11.77s-14.82,18.31-14.82,31.56a39.74,39.74,0,0,0,13.94,31.27c9.25,8.34,21,12.51,34.79,12.51,16.29,0,29.21-7.3,39-21.89h1v17.72h22.61V250C510.25,233.45,505.26,220.34,495.13,211ZM475.9,300.3a37.32,37.32,0,0,1-26.57,11.16A28.61,28.61,0,0,1,431,305.21a19.41,19.41,0,0,1-7.77-15.63c0-7,3.22-12.81,9.54-17.42s14.53-7,24.07-7C470,265,480.3,268,487.64,273.94,487.64,284.07,483.68,292.85,475.9,300.3Zm-93.65-142A55.71,55.71,0,0,0,341.74,142H279.07V328.74H302.7V253.1h39c16,0,29.5-5.36,40.51-15.93.88-.89,1.76-1.79,2.65-2.68A54.45,54.45,0,0,0,382.25,158.26Zm-16.58,62.23a30.65,30.65,0,0,1-23.34,9.68H302.7V165h39.63a32,32,0,0,1,22.6,9.23A33.18,33.18,0,0,1,365.67,220.49ZM614.31,201,577.77,292.7h-.45L539.9,201H514.21L566,320.55l-29.35,64.32H561L640,201Z\"><\/path><\/svg>\t\t\t\t\t\t<\/span>\n\t\t\t\t\t\t\t\t\t\t<span class=\"elementor-icon-list-text\">Google Pay<\/span>\n\t\t\t\t\t\t\t\t\t<\/li>\n\t\t\t\t\t\t\t\t<li class=\"elementor-icon-list-item\">\n\t\t\t\t\t\t\t\t\t\t\t<span class=\"elementor-icon-list-icon\">\n\t\t\t\t\t\t\t<svg aria-hidden=\"true\" class=\"e-font-icon-svg e-fab-stripe\" viewBox=\"0 0 640 512\" xmlns=\"http:\/\/www.w3.org\/2000\/svg\"><path d=\"M165 144.7l-43.3 9.2-.2 142.4c0 26.3 19.8 43.3 46.1 43.3 14.6 0 25.3-2.7 31.2-5.9v-33.8c-5.7 2.3-33.7 10.5-33.7-15.7V221h33.7v-37.8h-33.7zm89.1 51.6l-2.7-13.1H213v153.2h44.3V233.3c10.5-13.8 28.2-11.1 33.9-9.3v-40.8c-6-2.1-26.7-6-37.1 13.1zm92.3-72.3l-44.6 9.5v36.2l44.6-9.5zM44.9 228.3c0-6.9 5.8-9.6 15.1-9.7 13.5 0 30.7 4.1 44.2 11.4v-41.8c-14.7-5.8-29.4-8.1-44.1-8.1-36 0-60 18.8-60 50.2 0 49.2 67.5 41.2 67.5 62.4 0 8.2-7.1 10.9-17 10.9-14.7 0-33.7-6.1-48.6-14.2v40c16.5 7.1 33.2 10.1 48.5 10.1 36.9 0 62.3-15.8 62.3-47.8 0-52.9-67.9-43.4-67.9-63.4zM640 261.6c0-45.5-22-81.4-64.2-81.4s-67.9 35.9-67.9 81.1c0 53.5 30.3 78.2 73.5 78.2 21.2 0 37.1-4.8 49.2-11.5v-33.4c-12.1 6.1-26 9.8-43.6 9.8-17.3 0-32.5-6.1-34.5-26.9h86.9c.2-2.3.6-11.6.6-15.9zm-87.9-16.8c0-20 12.3-28.4 23.4-28.4 10.9 0 22.5 8.4 22.5 28.4zm-112.9-64.6c-17.4 0-28.6 8.2-34.8 13.9l-2.3-11H363v204.8l44.4-9.4.1-50.2c6.4 4.7 15.9 11.2 31.4 11.2 31.8 0 60.8-23.2 60.8-79.6.1-51.6-29.3-79.7-60.5-79.7zm-10.6 122.5c-10.4 0-16.6-3.8-20.9-8.4l-.3-66c4.6-5.1 11-8.8 21.2-8.8 16.2 0 27.4 18.2 27.4 41.4.1 23.9-10.9 41.8-27.4 41.8zm-126.7 33.7h44.6V183.2h-44.6z\"><\/path><\/svg>\t\t\t\t\t\t<\/span>\n\t\t\t\t\t\t\t\t\t\t<span class=\"elementor-icon-list-text\">Link (Sicherer 1-Klick-Checkout von Stripe)<\/span>\n\t\t\t\t\t\t\t\t\t<\/li>\n\t\t\t\t\t\t<\/ul>\n\t\t\t\t\t\t<\/div>\n\t\t\t\t<div class=\"elementor-element elementor-element-02a7c7e elementor-widget elementor-widget-heading\" data-id=\"02a7c7e\" data-element_type=\"widget\" data-e-type=\"widget\" data-widget_type=\"heading.default\">\n\t\t\t\t\t<h2 class=\"elementor-heading-title elementor-size-default\">F\u00fcr individuelle Beratung (Advisory)<\/h2>\t\t\t\t<\/div>\n\t\t\t\t<div class=\"elementor-element elementor-element-3f77874 elementor-widget elementor-widget-text-editor\" data-id=\"3f77874\" data-element_type=\"widget\" data-e-type=\"widget\" data-widget_type=\"text-editor.default\">\n\t\t\t\t\t\t\t\t\t<p>Bitte beachten Sie: Unsere individuelle Transformationsberatung (Advisory) wird nach Beauftragung und Leistungserbringung klassisch auf Rechnung mit 30 Tagen Zahlungsziel abgerechnet. Die oben genannten Online-Zahlungsarten gelten hierf\u00fcr nicht.<\/p>\t\t\t\t\t\t\t\t<\/div>\n\t\t\t\t<div class=\"elementor-element elementor-element-d92d0a2 elementor-widget elementor-widget-heading\" data-id=\"d92d0a2\" data-element_type=\"widget\" data-e-type=\"widget\" data-widget_type=\"heading.default\">\n\t\t\t\t\t<h2 class=\"elementor-heading-title elementor-size-default\">Sicherheit &amp; Datenschutz<\/h2>\t\t\t\t<\/div>\n\t\t\t\t<div class=\"elementor-element elementor-element-e2686b3 elementor-widget elementor-widget-text-editor\" data-id=\"e2686b3\" data-element_type=\"widget\" data-e-type=\"widget\" data-widget_type=\"text-editor.default\">\n\t\t\t\t\t\t\t\t\t<p data-path-to-node=\"8,0\">Ihr Vertrauen ist unser h\u00f6chstes Gut. Der gesamte Bezahlvorgang f\u00fcr unsere digitalen L\u00f6sungen ist SSL-verschl\u00fcsselt und wird ausschlie\u00dflich \u00fcber unseren PCI-zertifizierten Partner Stripe abgewickelt.<\/p><p data-path-to-node=\"8,1\">Bei Fragen zu Ihrer Rechnung oder zum Bezahlvorgang wenden Sie sich bitte jederzeit an advisory@andresass.com.<\/p>\t\t\t\t\t\t\t\t<\/div>\n\t\t\t\t\t<\/div>\n\t\t\t\t<\/div>\n\t\t\t\t<\/div>\n\t\t","protected":false},"excerpt":{"rendered":"<p>Sichere &amp; Transparente Zahlung Hier finden Sie eine \u00dcbersicht der von uns akzeptierten Zahlungsarten. Wir unterscheiden zwischen unseren standardisierten digitalen L\u00f6sungen und unserer individuellen Beratung. F\u00fcr standardisierte L\u00f6sungen (Frameworks, Module &amp; Studien) F\u00fcr den Kauf unserer digitalen Produkte (Frameworks, Studien) und unserer standardisierten Service-Pakete (Excellence-Module) nutzen wir den weltweit f\u00fchrenden und sichersten Zahlungsanbieter Stripe. Ihre [&hellip;]<\/p>\n","protected":false},"author":1,"featured_media":0,"parent":0,"menu_order":0,"comment_status":"closed","ping_status":"closed","template":"elementor_header_footer","meta":{"footnotes":""},"class_list":["post-34","page","type-page","status-publish","hentry"],"_links":{"self":[{"href":"https:\/\/andresass.com\/de\/wp-json\/wp\/v2\/pages\/34","targetHints":{"allow":["GET"]}}],"collection":[{"href":"https:\/\/andresass.com\/de\/wp-json\/wp\/v2\/pages"}],"about":[{"href":"https:\/\/andresass.com\/de\/wp-json\/wp\/v2\/types\/page"}],"author":[{"embeddable":true,"href":"https:\/\/andresass.com\/de\/wp-json\/wp\/v2\/users\/1"}],"replies":[{"embeddable":true,"href":"https:\/\/andresass.com\/de\/wp-json\/wp\/v2\/comments?post=34"}],"version-history":[{"count":10,"href":"https:\/\/andresass.com\/de\/wp-json\/wp\/v2\/pages\/34\/revisions"}],"predecessor-version":[{"id":1140,"href":"https:\/\/andresass.com\/de\/wp-json\/wp\/v2\/pages\/34\/revisions\/1140"}],"wp:attachment":[{"href":"https:\/\/andresass.com\/de\/wp-json\/wp\/v2\/media?parent=34"}],"curies":[{"name":"wp","href":"https:\/\/api.w.org\/{rel}","templated":true}]}}