{"id":10,"date":"2025-10-22T12:16:22","date_gmt":"2025-10-22T10:16:22","guid":{"rendered":"https:\/\/andresass.com\/mein-konto\/"},"modified":"2025-12-10T10:46:32","modified_gmt":"2025-12-10T08:46:32","slug":"mein-konto","status":"publish","type":"page","link":"https:\/\/andresass.com\/de\/mein-konto\/","title":{"rendered":"Mein Konto"},"content":{"rendered":"\t\t<div data-elementor-type=\"wp-page\" data-elementor-id=\"10\" class=\"elementor elementor-10\" data-elementor-post-type=\"page\">\n\t\t\t\t<div class=\"elementor-element elementor-element-f2950d0 e-flex e-con-boxed e-con e-parent\" data-id=\"f2950d0\" data-element_type=\"container\" data-e-type=\"container\">\n\t\t\t\t\t<div class=\"e-con-inner\">\n\t\t\t\t<div class=\"elementor-element elementor-element-9821f44 elementor-widget elementor-widget-heading\" data-id=\"9821f44\" data-element_type=\"widget\" data-e-type=\"widget\" data-widget_type=\"heading.default\">\n\t\t\t\t\t<h2 class=\"elementor-heading-title elementor-size-default\">Ihr Konto-Bereich<\/h2>\t\t\t\t<\/div>\n\t\t\t\t<div class=\"elementor-element elementor-element-e7c8f24 e-my-account-tabs-vertical elementor-widget elementor-widget-woocommerce-my-account\" data-id=\"e7c8f24\" data-element_type=\"widget\" data-e-type=\"widget\" data-widget_type=\"woocommerce-my-account.default\">\n\t\t\t\t\t<div class=\"e-my-account-tab e-my-account-tab__ \">\t\t\t<div class=\"woocommerce\"><\/div>\t\t<\/div>\n\t\t\t\t\t\t<\/div>\n\t\t\t\t\t<\/div>\n\t\t\t\t<\/div>\n\t\t\t\t<\/div>\n\t\t","protected":false},"excerpt":{"rendered":"<p>Ihr Konto-Bereich Dashboard Bestellungen Downloads Adressen Zahlungsmethoden Kontodetails Abmelden Hallo Andr\u00e9 Sass (nicht Andr\u00e9 Sass? Abmelden) In deiner Konto-\u00dcbersicht kannst du deine letzten Bestellungen ansehen, deine Rechnungsadresse verwalten und dein Passwort und die Kontodetails bearbeiten.<\/p>\n","protected":false},"author":1,"featured_media":0,"parent":0,"menu_order":0,"comment_status":"closed","ping_status":"closed","template":"elementor_header_footer","meta":{"footnotes":""},"class_list":["post-10","page","type-page","status-publish","hentry"],"_links":{"self":[{"href":"https:\/\/andresass.com\/de\/wp-json\/wp\/v2\/pages\/10","targetHints":{"allow":["GET"]}}],"collection":[{"href":"https:\/\/andresass.com\/de\/wp-json\/wp\/v2\/pages"}],"about":[{"href":"https:\/\/andresass.com\/de\/wp-json\/wp\/v2\/types\/page"}],"author":[{"embeddable":true,"href":"https:\/\/andresass.com\/de\/wp-json\/wp\/v2\/users\/1"}],"replies":[{"embeddable":true,"href":"https:\/\/andresass.com\/de\/wp-json\/wp\/v2\/comments?post=10"}],"version-history":[{"count":18,"href":"https:\/\/andresass.com\/de\/wp-json\/wp\/v2\/pages\/10\/revisions"}],"predecessor-version":[{"id":1125,"href":"https:\/\/andresass.com\/de\/wp-json\/wp\/v2\/pages\/10\/revisions\/1125"}],"wp:attachment":[{"href":"https:\/\/andresass.com\/de\/wp-json\/wp\/v2\/media?parent=10"}],"curies":[{"name":"wp","href":"https:\/\/api.w.org\/{rel}","templated":true}]}}